{"id":326,"date":"2026-01-26T10:46:41","date_gmt":"2026-01-26T08:46:41","guid":{"rendered":"https:\/\/wp.lesbipedesdelavaunage.fr\/?page_id=326"},"modified":"2026-02-16T11:09:39","modified_gmt":"2026-02-16T09:09:39","slug":"accueil-3","status":"publish","type":"page","link":"https:\/\/wp.lesbipedesdelavaunage.fr\/index.php\/accueil-3\/","title":{"rendered":"Accueil"},"content":{"rendered":"\n<p>Une nouvelle saison pour les BIPEDES de la VAUNAGE<\/p>\n\n\n\n<hr class=\"wp-block-separator has-alpha-channel-opacity\"\/>\n\n\n\n<p>20ans, apr\u00e8s sa cr\u00e9ation, l\u2019association a conserv\u00e9 le m\u00eame objectif : permettre \u00e0 tous les adh\u00e9rents quel que soit leur niveau,&nbsp; de prendre du plaisir \u00e0 parcourir nos chemins de garrigue dans la Vaunage ou ailleurs, mais aussi de progresser au contact des autres et pour ceux qui le souhaitent, de b\u00e9n\u00e9ficier de conseils .<\/p>\n\n\n\n<p>L\u2019association propose toujours 5 groupes de niveau et des s\u00e9ances 4 jours\/semaine .<\/p>\n\n\n\n<p>En 2026 nous organiserons comme chaque ann\u00e9e 2 \u00e9preuves inscrites au calendrier gardois<\/p>\n\n\n\n<ul class=\"wp-block-list\">\n<li>samedi 17 janvier 2026 les 37\u00e8me foul\u00e9es du ch\u00e2teau&nbsp; (12km) (www.fouleesduchateaudecaveirac.fr )<\/li>\n\n\n\n<li>samedi&nbsp; 25 Avril 2026 la ST ROCH de CAVEIRAC avec 5 courses :<\/li>\n<\/ul>\n\n\n\n<p>13t 20km (solo)&nbsp; &nbsp; un duo nocturne manche du Troph\u00e9e Gardois des&nbsp; Duos ,un 48km solo&nbsp; et un Backyard<\/p>\n\n\n\n<p>(www.coursestrochdecaveirac.com)<\/p>\n\n\n\n<p>Suivez l\u2019activit\u00e9 de l\u2019association sur notre page :FACEBOOK<\/p>\n\n\n\n<p>\u00ab&nbsp;<a href=\"https:\/\/www.facebook.com\/Les-bip%C3%A9des-de-la-Vaunage-News-104606248634440\">les bip\u00e8des&nbsp; de la Vaunage News<\/a>&nbsp;\u00bb<\/p>\n\n\n\n<p><\/p>\n\n\n\n<div class=\"wp-block-group is-content-justification-center is-nowrap is-layout-flex wp-container-core-group-is-layout-94bc23d7 wp-block-group-is-layout-flex\">\n<figure class=\"wp-block-image size-large is-resized wp-container-content-29dca9c1\"><a href=\"https:\/\/cryopole.com\/\"><img decoding=\"async\" src=\"https:\/\/www.lesbipedesdelavaunage.fr\/Cryopole_page-0001.jpg?v=3hb3403be4p1oj\" alt=\"\" style=\"width:224px;height:auto\"\/><\/a><\/figure>\n\n\n\n<figure class=\"wp-block-image size-large is-resized is-style-default wp-container-content-1387b69e\"><a href=\"https:\/\/fmhpiscines.com\/\"><img decoding=\"async\" src=\"data:image\/png;base64,iVBORw0KGgoAAAANSUhEUgAAAQYAAADACAMAAADRLT0TAAAA21BMVEX\/\/\/+JwtkULEgqfqCBvtfo8vecy97U5\/Cl0OGVx9yu1OQAcZjw9\/qRxtvc7PMAdJkAADIYeJxzo7ppnbavydYAI0IAFToAGTze6O6iwM88haUAJEOBq8AAHj\/C1N4LJ0UADze+3Olfanm6vcIAETgAAC+orbUSIz\/V4umCipXf4eQ4SF1FU2bE3+uMssXr7O7T1dkfNE5clrHEyM1tdoREiqi5z9tPXG54gY2us7rKzdFCUGQsPlWYnqeAh5N2s8weUnAkaYkZPlscTGmcoqtqqcQiYoEAZpEAACe1z5xEAAAUK0lEQVR4nN2ceV\/bOBOAUwdK24S1TS4CJPbmIhwNEBIIZ3dbun2\/\/yd6ZfnSMSPLtgw\/mL8o8ciTx6O5LFqrqeXvjM8j+fJJW7bIkp\/TfzX1bgDIVrLI1+Cf28K\/s+RbasNO5rWaZhbH8E1rfUC+p0tWjYEs\/UXLpsIYPm1prQ8Is2TVGL6Sa\/7SWbMEhu8668vyV\/qtq8awQ1fWWbM4Br31ZWGXqBiD\/uMqgUHP3URhvnTVGP4OF9bZvWW84bOO0fiXqBpDM1pXJ5iXwbC1rWO1IKwzVIvhcw47S2EokDP\/fjUMTCjezVyzDIYiOZOjUCkG1s7MMovBsJUlMobcOXPn1TB8Z++U+bxSDFqBn8eQP2d+5dUrxMDxzty+5TBkexsv27wzVIhB2OxZrUVJb9CyGzWuOgwi76zkXhJDvpzZFI2rDMOucKMsvy2J4VOunPn3a2HYEW\/0KSOMlcWQa+wgGVcVBoDClnIAUxqD5ngnEPkZVYThG4BB\/cDKYshTQkkbtiIMUggKRTWAKY9BO2f+JVtXDYav0n0yv2BpDBoFu3SrajFA8TEUHduKYtDNmZCrVoIBg6Cq\/ctj0Bx6ytmyIgzQfeLr0TUNYNDMmZB1FWBA4mN4PVrlmMCglTO\/vxIG5eQA3cAGMOjlTNAs8xiAdCTdEBAjGDRyJmyeeQxKCLipJjDo5ExY0TgGcOtxHOA1jWDIVkUCl3EMWRSwKFkYwxabmDJzJlPls4qmMYDNhMABzGvFMWzvZq3NyBZ7bWUYpGELJOAApgSGHfYJq9W+s5dWh0Hu3QABo2QJDNwjVquxVjQrw4A3E7wYxsBscvWofocLI5Vh0KQAuW4ZDFz4V2kxnS+vZhSDRnyM1ORIxmDYaaICY+De9SggspHra02JATchFdZk5i6qZkIQObFpvbVKcy2PgS0NFRNw5iV2YLgCQ\/abMyL8aoBpmSI\/M513mMxm4jHU9HKmsHdUGPIJi0E3PlKRyt5yGNiciTaxYiStBkM+RTGil8OglTPFayrBoBi2gJpmMWjkTNZbv1WFIUd8DDUF3y2JQSNnsvFD1DGGIccxDdYUUxiyc+a2lE0qwJAxbIGEL1HKYpC\/pSAypwowlNE1gkGoECUBdo15DJnDFlDZKAYpAvICxFDzGAotwLUWDIZdTD6pMHDdo4wByKgqDKgNrDkiBu1mQuDAFHxlWqtQvqtyJlRfGW+tCnoTmzTLY1CWUFC1bRpDzsoJtNYABqFzYgXsvUxjKAiBc14DGIQ+mhWwqjCMoUDNIN\/OAAbujyy4nAnXmIYxFAyQVD8JkiYwsM+Dm2h8A6OnYQyFIcDFeHEM\/MSVuRoOnmYxqJuqraVyWp08NCMYuPl75q\/NYlCOW3bX7g8VhmSnGsGAPHbmdqyTmMWgTJc\/3PqByh0SY81gYINAst+wkGEWA\/fXOoLsHtTr7m8VhvhLmMHAbtBd+Vp+bbMYVJPY326diApD\/MzMYIC+MojGPAaVz9epLF8PA7ABwI1iHgP+HXeXIQYXjx5JGjeEAQiHaKvxWhh+uCGG+hr1GOMYpOSIZMvXwxDEx8gd0KRpHIP08Nmb8W9yXik2\/I6dQRElTccGfsy0oxxKvVKmSCHgSTP5zsYwCG2UYkT5KnVDHB8jDhgGs3UDvxJZStF8v04VueWyGLAoabiKDITLmYpRzKv0FLtrjgIaJc1jQIOVeN1rdJg\/eGeoI61FErUMYoCfizymfY15Q10UMEoanjdEAmOQLnuF6dNvCQOYNM1On2KBohVw7KH6WeSWuCVoa4H8qZdxDNA2VV9WzWRajI9YlDQ7mU4FeBMIvN6t\/D2FFB+RKGn2PUUq8ttIaFHTGEQnTJsJdZQ0\/NaKEflP\/4CLjL+8E4Lkb9gZpChp9h0mK2LOBA8CmT8eyt8VgyAMYLjgbRaDmDPBY2HmMbDnG\/hmQtgWrHnI+QYjGPhwBR8SrOCwMBP8kPgYCtNaYKddjGDgwxV8ZLQCDOkSWHyM3CFJmlv8gWHDGPi+Fz5AXMXR8WRb4PFRiJL8mqYxcAeg4RUrOUEfZws1hCRpin5qGgObM5E\/yCuNIbme3d+fg9+q4mPEAf6uX9I1dTB8SU8gIRh2QCNZaaYnnOiuMYOh9nULaSZ4CaJk3v+g6F3J5y24mRDc4UfB\/9rw3ci3rPhI5QDz4w8jGhCIO9y8tZkVS1\/HGQiHt7azWmnaWhTq7uKtLa1U9vScoV5vfOTgMG9oUiCd5lvbWqFoJMtY7OFbG1uZtDUjQyjl78f+dWqxCyoxQTcwUHH74orzm\/5ir7UksrcY8qvP+0S4XzX7S7dh27a7XMwh+4ZHa5tKfdmPL7gJVokv6EtLJjfiLuFln7l2u7+0QxO4Xx\/lwlBvCDYsGy6REJHrNtZsbdEmn7FRtbnXSG7m2gfiBtsnH6fGuHY9vKBlk1Xia4K72XsihuBGSTb\/44rSSO\/UbLEmrJNnsa8fH0PdFm9BS\/jcPkgZt8kd7RTD3OWIC47FGhgtFVof5LHkO9JLGvs1Xm6CXyekJJvTiDa0uXvYyUPL7CxFafDeTDG4oSe7wgU8hjAhhZcGQPjsGxsYLRX8y64hGOrrTAywNwwbvLWJkw1zxUcqBzKGm\/n+9vb+cFGnqyXfj8PQpN\/ApRuyOSeXcuv0QwMby\/ac7LomWWvdWKIYbKGslzCs91hpRQ+mGXzk1kMTAmuT\/J8bgujMLQ7Mjc0+LA5DEINcpu4YtiUKjQUbePaHKAaxrBcxuEc1SJYuv6lvYpoLPD7+i35is8byGGrbwYLxXmQx0CfBOxKDhD6mA7hGlTAcSGW9HobtRl3eT4ltsPx3jLsDexMBA91lMXEWA\/0ZKb5oT+NiFaqIwW1LgUUPQ9BA2lCeViTLY+8f9DPWBhFDLRhw2zKGozTmSdJykccEYrBplOGg6WGgYQz4vcIZfnnWMcqIvYuEgTLflzAsxetSoSnERitHGUNf9Cw9DAcivUjwyPDvsWVZP3F3SG2WMAxT12MxrJFHES3htuHPIAzbNVtYTA9DHfE5fEv8JBSsYzRKMslCwjAPgsNQwhBcB2+K0CdRCjKGffr82ISlhyF4EsDkaIhi+C9wBiIopvSLyxhgb6CWg4+874pJOBMDdQdmG+lhoAvJURqftoQQLDxKpkFSwnADxwZap7lQAAiihq2Y50gY5hG6tALQw9B2QbdDKfzjRRzQpJk+VwnDUVqkcuUTvdsBwMEWV8jA4M6j1dKqXbN8ok9iLZiwj9XRbrQliPzCLkmehISBSX4chnCsYUv7gsYS2GwEwzBaOr2vJoZw8iwM2G8wb\/iZUMCjZGKXiIHd6XxrtaT3sw+AfkCRJ4BNQbf3AcsUwAD+H2Tr0IQ1GyCwdPlv6gyWdYVgSOKTgIGWxXE+FRrtZdQX8fGwDweuLAxzGiURDEmfSqWRVt4HkQn11IQ95BtarBz\/h2CI9yWPoU+Ni28rYKgdReWaazMtwQIrcdUYaGSNnV89b2Cxt6JI4Ca\/RCYNSXyMsgV8VfL8aIVKE0Nz3q8H5qTNgYihNq\/HHWL6\/I\/yYohUaaMUDWD0MdSGiQn18Kbw6Rb32OIx\/IIvi7clxWAzYxc3LdQkDMTgg3g4EztEUQzhpl7DGNwGK3w72q5HHtGgeODH\/NMSBG4tEsLCEM5tMEEawEA8Ihq22UclMdTSnn6olyliGS4bKQeQwr\/HIga4tQAxuG6jxY4JQQzEncMN2ghTxkLRgasxtJPWIicGUiwsQxPmCIYriQIcJXkM6yAyu+ujG740QTDEQyo3uShXwkzDyjo2JDeGYJhdDyFCseE\/2RkssLXgYgNWA6IYwt46XGNYqHxKV7GjNXJiCFM7cUMoU4AUoNbCZjNFfgxhQUdTynbuYjrdQcG8JpjHzfN7Q9TsHUGjp18ehAGKknYcAwpiCONb+lOO1orB0Iw6zXkBb4hG2MDZDiA+YlESqyK1MQRfLqw293I22mzJ2Q\/dYb8QhnASJI8bpGSZuIPcWsRrFcWwSD4LW\/BiGGicb4QbKzcGOmiQz7jA8RGMkm7yGrEUhmb81VTuoMRAA+yiVgKDlDFxCNaxECXTZrUohiC6RZ1RXx0dlBjCoU0xDOvQdKHF\/AeOjxEHHkM6ky0TItfMz\/g0Uo0heBVN31zkxhDMQAOvnnO7QmwmBPnFYUjn3CUSZrIRwhep0GQqGwNNeOuDAhhowgy8mvtmaHyM3IGNkkzVp4uhzRlPn0DqUuFUFJk6ZGCoxQ8zE0Of61yGycCCTZlosoyFHcAwk3ZdDEv2BAgdS7DvIZfyWGh\/saeHIf4WLAbw5OJBY5mqLmgRGfojsysyIHCtBXsXXQxBRG8sFzfDYfuIHvdwOa1oMhVc0r65aS9aLmnI9TDEXQGDQWi0G38CI4JYYNutfmDCns1ORtIgqYyPoaQDGPZFmyaG6BxFeOyC\/iSEgkU8LXGTayLVTAzR2iwGQehK7Yg0AewKk5HYHTLiY4jhF+AMuhjmLl+lNFrixftr\/kAOuaathyHqjrIwCAd+2MlIfBjwZzaFtLXgKr5lw7axXNcmn\/2JM8UNPSwWPo5GC5qzzPdsO76EdO7LKJa0yCrpETDys4RhOzjZlsSrP7YkkRHtdcNOTNhjJyPh0dDM+BhK2FrwZmzvE0EwNPnPmsP+UQs4N8iSoFe09hbtlBN3h+BnWXtfvEQU1oTg6GJfQEmrcWjYArpDECVd6TjeR5CbhrqZ4EURCN65LGx42AKJ94\/iOMY7lz1k2AJuC+UM+V3L6VSbgtUZvbW1lcm5vjNYlnP\/1uZWJGM\/BwXLu3preyuSwzwULKv78tYGVyJPvXwYLD9fqjgdvzyvRre3q83T3WVe44jySaA8KqR8ra984eSkYA1W2oZcvNz6025v0Dn0DjudQc93zp60v83FbDRxeOWTPMpdUVkV1UadvBisqaYxszOnJ+44b+APTi7KKJ9qKN+dTSHlHqp8n9sZyIJnGpZcnDg9JAMNpqMMkM0TH1V2brOVu7gy7BJXeZJlLP5dJoUTZ6BY4NAZqTziKUP5VuURT1OVsgcq300KUCBFVAaE60FW3D2cPqHKh9nKJ5jyvVVEuYgvEOnOVBAuRjo7rXcF+idR1jCqd3UNKq+0lC1BeVzMGSzPwyGcbqZ6UddzzqXvcrpxNJX9M1n5WV95zCqeFfQGy09tGLGJ6PTlTNOU0BxPVFbta0F50uGUZw+5lAfP13H9c1ogTYRymHZYo67vPI5OiKwefDTAYzKYUOWn4srPwZ3Pu0WUr0abIOs86eMTxUkxkATtdQZEOrAhXqfX9X1\/0htgn5dRPiyl7ASb47HoniBBcsxiwMXrOY+b2fjy8vL67uTcmeQq1ojyVTnll0j5FlEOvkaz8J4gLvWsg+HQOZtxBcL1SJnVM5RXOZSnj6IyFDoCDPcF80Qg3mM2Bs8BqkVSXWo9VA+qFpullJ98STnA8FI8NDDBAcWAFAZ6ZUXPQpWzd\/LAA6uKWlMqKwIMm\/xdVSp+XJMiGDp4mVgbdzJKvQ5eJtauvQxlRY1Jiswud22A4bZ4hLSsSQwcxNCZKpuG2pOv+C5Zyi8TlbIzUvagL102swYYHgszINKL2ysZg9ebblhTLi6vx3fj8T1n3tNA3qmR8ipT+eWwjLKVKgcYylCwenFbMeIijDfoOg9px3Ex3jw6jj\/p9rrdie9Yq1lq0fXImfAJ3et0pw+zZqr8fMYoeyNWeeX7onLPOXvBlV8ueeVDMxjikeTsfOr43R6R7mRKioRx4tAXpDju8rYSUy1m9nH\/xCiTYnRzlyg3SXEsKU89Zv50\/3Tr51LuPEvK\/zOGIfS9u9nsjne+y9EUrm8HDtfYgMqnK1T5sZTynaBM9DTf3yIYlL127fRWkeE9\/2qsVB6plCeWUvlipOhwvYknjYweymSKrtKWzVQ99vf8BzyeP2cqn+HKJxltvuc\/CsqjMhh8xZx3PMguzDysrrg+1FFGSoPMooIqP3M6J6WqSDS13z\/ovQbrecC+ujzXe6E6GEDKtzrDJ6LM7ei7vC9qWPHjVWZc9X4xe\/S1nazbOxGV9b5HIL2uqHzmaL+A6\/lp1jjN9fKSl8PbeBXSM65IP3t6enk921yhU3lYBn6q\/PyYW7k3KqHcHT2N7wOfLoFhkOxsUkWG0w1\/0kPHH\/hoJFVWDVZQ5UGWcgdXPhzQuiFjYqIU\/5LBoBKv5\/tnwaRsdT5wujmbuVB5U1jZeaTKtx1Mmea7uy74mdY9aloYBs7DS5qfLsarPK5L6qziyh2ifMkqgyVVmPYLj58GJzoYBo78unJmabLvOM9SdaCvzDd3VO6u5DFTiGFVdOIwTW+CYvCmG\/AIwAzuDgVlZwVm5JnO1sCU73piiRBiuCzoDmmewDF0r7BXrs3sCVLPKqPsoaXdasorR7VwwcmLwxgJY+j5qkMx11fK4mLg45MrUp6pK5OBo1K+POOUIwyXOQ7BpeKdMwsDGLzuRGVKIOMrbGuQAI8P0SLlR6xx8HrTk4zDOGP2vVrcGRU45cFFBhnDYW\/6kP3inzzUEZDFDnvOmZbyClAO3omo+95QLlfOJKolYgz5z\/wQh+dak9GUFC8djwgpVbpTfzTTOcxCZbzyHFbZ929zKG8sUflF5yQMletI2Y\/75Lvc28Kz+CUvgpNWt+fn56PN01jbkFT5uYxymTvPSFWWTPJHefvMad4bvg\/Jee7H0dl+71AucrVmmWH83crpRJ\/DRP9Q5LuTU+wAnewLm7e2tUq5uNKLk4r3kh9DRhojmPBsyMeWWebJAf9Bu7R5x5JxcqDX1SlyP4JcPmAeQTqWjx4VWLkEO5aBc\/Ux\/5REIXejiU8blgCA1+lNnEf9v2L4UHI6ftrcPjw+nt2OTmb3H\/XPLmP5Pyx6dYBY3V7YAAAAAElFTkSuQmCC\" style=\"width:218px;height:auto\"\/><\/a><\/figure>\n\n\n\n<figure class=\"wp-block-image size-large is-resized wp-container-content-29dca9c1\"><a href=\"https:\/\/sud-ecrans.fr\/\"><img decoding=\"async\" src=\"https:\/\/www.lesbipedesdelavaunage.fr\/logo_20sud_20fond_20blan_20copier.jpg?v=3hau4obxt9pw9\" alt=\"\" style=\"width:232px;height:auto\"\/><\/a><\/figure>\n<\/div>\n\n\n\n<p><\/p>\n","protected":false},"excerpt":{"rendered":"<p>Une nouvelle saison pour les BIPEDES de la VAUNAGE 20ans, apr\u00e8s sa cr\u00e9ation, l\u2019association a conserv\u00e9 le m\u00eame objectif : permettre \u00e0 tous les adh\u00e9rents quel que soit leur niveau,&nbsp; [&hellip;]<\/p>\n","protected":false},"author":1,"featured_media":0,"parent":0,"menu_order":0,"comment_status":"closed","ping_status":"closed","template":"","meta":{"footnotes":""},"class_list":["post-326","page","type-page","status-publish","hentry"],"_links":{"self":[{"href":"https:\/\/wp.lesbipedesdelavaunage.fr\/index.php\/wp-json\/wp\/v2\/pages\/326","targetHints":{"allow":["GET"]}}],"collection":[{"href":"https:\/\/wp.lesbipedesdelavaunage.fr\/index.php\/wp-json\/wp\/v2\/pages"}],"about":[{"href":"https:\/\/wp.lesbipedesdelavaunage.fr\/index.php\/wp-json\/wp\/v2\/types\/page"}],"author":[{"embeddable":true,"href":"https:\/\/wp.lesbipedesdelavaunage.fr\/index.php\/wp-json\/wp\/v2\/users\/1"}],"replies":[{"embeddable":true,"href":"https:\/\/wp.lesbipedesdelavaunage.fr\/index.php\/wp-json\/wp\/v2\/comments?post=326"}],"version-history":[{"count":9,"href":"https:\/\/wp.lesbipedesdelavaunage.fr\/index.php\/wp-json\/wp\/v2\/pages\/326\/revisions"}],"predecessor-version":[{"id":674,"href":"https:\/\/wp.lesbipedesdelavaunage.fr\/index.php\/wp-json\/wp\/v2\/pages\/326\/revisions\/674"}],"wp:attachment":[{"href":"https:\/\/wp.lesbipedesdelavaunage.fr\/index.php\/wp-json\/wp\/v2\/media?parent=326"}],"curies":[{"name":"wp","href":"https:\/\/api.w.org\/{rel}","templated":true}]}}