{"id":330,"date":"2026-01-26T10:46:41","date_gmt":"2026-01-26T08:46:41","guid":{"rendered":"https:\/\/wp.lesbipedesdelavaunage.fr\/?page_id=330"},"modified":"2026-02-19T13:11:04","modified_gmt":"2026-02-19T11:11:04","slug":"bureau-3","status":"publish","type":"page","link":"https:\/\/wp.lesbipedesdelavaunage.fr\/index.php\/bureau-3\/","title":{"rendered":"Composition du bureau 2026"},"content":{"rendered":"\n<figure class=\"wp-block-gallery has-nested-images columns-default is-cropped wp-block-gallery-1 is-layout-flex wp-block-gallery-is-layout-flex\">\n<figure class=\"wp-block-image size-large is-style-default\"><img fetchpriority=\"high\" decoding=\"async\" width=\"300\" height=\"169\" data-id=\"741\" src=\"https:\/\/wp.lesbipedesdelavaunage.fr\/wp-content\/uploads\/2026\/02\/AG2025_2.jpg\" alt=\"\" class=\"wp-image-741\"\/><\/figure>\n\n\n\n<figure class=\"wp-block-image size-full is-resized is-style-default\"><img decoding=\"async\" width=\"290\" height=\"163\" data-id=\"740\" src=\"https:\/\/wp.lesbipedesdelavaunage.fr\/wp-content\/uploads\/2026\/02\/AG2025_1.jpg\" alt=\"\" class=\"wp-image-740\" style=\"width:521px;height:auto\"\/><\/figure>\n<\/figure>\n\n\n\n<h2 class=\"wp-block-heading has-text-align-center has-luminous-vivid-orange-color has-text-color has-link-color has-large-font-size wp-elements-1523a8e251626364a34ad1b1faf96bd0\" style=\"font-style:normal;font-weight:400\">Composition du bureau 2026<\/h2>\n\n\n\n<div style=\"height:20px\" aria-hidden=\"true\" class=\"wp-block-spacer\"><\/div>\n\n\n\n<h2 class=\"wp-block-heading has-text-align-center has-medium-font-size\" style=\"font-style:normal;font-weight:100\">Pr\u00e9sident : Herv\u00e9 BILLY<\/h2>\n\n\n\n<div style=\"height:20px\" aria-hidden=\"true\" class=\"wp-block-spacer\"><\/div>\n\n\n\n<h2 class=\"wp-block-heading has-text-align-center has-medium-font-size\" style=\"font-style:normal;font-weight:100\">Vice Pr\u00e9sident : Olivier Senaux<\/h2>\n\n\n\n<div style=\"height:20px\" aria-hidden=\"true\" class=\"wp-block-spacer\"><\/div>\n\n\n\n<h2 class=\"wp-block-heading has-text-align-center has-medium-font-size\" style=\"font-style:normal;font-weight:100\">Secr\u00e9taire : Patricia GOUVERNET<\/h2>\n\n\n\n<div style=\"height:20px\" aria-hidden=\"true\" class=\"wp-block-spacer\"><\/div>\n\n\n\n<h2 class=\"wp-block-heading has-text-align-center has-medium-font-size\" style=\"font-style:normal;font-weight:100\">Tr\u00e9sorier : Ruben VANEL<\/h2>\n\n\n\n<div style=\"height:20px\" aria-hidden=\"true\" class=\"wp-block-spacer\"><\/div>\n\n\n\n<h2 class=\"wp-block-heading has-text-align-center has-medium-font-size\" style=\"font-style:normal;font-weight:100\">Tr\u00e9sori\u00e8re Adjointe : St\u00e9phanie GUILLAUME<\/h2>\n\n\n\n<div style=\"height:20px\" aria-hidden=\"true\" class=\"wp-block-spacer\"><\/div>\n\n\n\n<h2 class=\"wp-block-heading has-text-align-center has-medium-font-size\" style=\"font-style:normal;font-weight:100\">Responsable Randos : Eliane CASINO<\/h2>\n\n\n\n<div style=\"height:20px\" aria-hidden=\"true\" class=\"wp-block-spacer\"><\/div>\n\n\n\n<h2 class=\"wp-block-heading has-text-align-center has-medium-font-size\" style=\"font-style:normal;font-weight:100\">Membres actifs :<\/h2>\n\n\n\n<div style=\"height:20px\" aria-hidden=\"true\" class=\"wp-block-spacer\"><\/div>\n\n\n\n<h2 class=\"wp-block-heading has-text-align-center has-medium-font-size\" style=\"font-style:normal;font-weight:100\">St\u00e9phane GAMBE<\/h2>\n\n\n\n<div style=\"height:20px\" aria-hidden=\"true\" class=\"wp-block-spacer\"><\/div>\n\n\n\n<h2 class=\"wp-block-heading has-text-align-center has-medium-font-size\" style=\"font-style:normal;font-weight:100\">Mickael&nbsp;MORIN<\/h2>\n\n\n\n<div style=\"height:20px\" aria-hidden=\"true\" class=\"wp-block-spacer\"><\/div>\n\n\n\n<h2 class=\"wp-block-heading has-text-align-center has-medium-font-size\" style=\"font-style:normal;font-weight:100\">B\u00e9a CHABERT<\/h2>\n\n\n\n<div style=\"height:20px\" aria-hidden=\"true\" class=\"wp-block-spacer\"><\/div>\n\n\n\n<h2 class=\"wp-block-heading has-text-align-center has-medium-font-size\" style=\"font-style:normal;font-weight:100\">Yoann&nbsp; JOUVE&nbsp;<\/h2>\n\n\n\n<div style=\"height:20px\" aria-hidden=\"true\" class=\"wp-block-spacer\"><\/div>\n\n\n\n<h2 class=\"wp-block-heading has-text-align-center has-medium-font-size\" style=\"font-style:normal;font-weight:100\">Pierrick GUINGNE&nbsp;&nbsp;<\/h2>\n\n\n\n<div style=\"height:20px\" aria-hidden=\"true\" class=\"wp-block-spacer\"><\/div>\n\n\n\n<h2 class=\"wp-block-heading has-text-align-center has-medium-font-size\" style=\"font-style:normal;font-weight:100\">Adresse Mail : lesbipedes30@gmail.com<\/h2>\n","protected":false},"excerpt":{"rendered":"<p>Composition du bureau 2026 Pr\u00e9sident : Herv\u00e9 BILLY Vice Pr\u00e9sident : Olivier Senaux Secr\u00e9taire : Patricia GOUVERNET Tr\u00e9sorier : Ruben VANEL Tr\u00e9sori\u00e8re Adjointe : St\u00e9phanie GUILLAUME Responsable Randos : Eliane [&hellip;]<\/p>\n","protected":false},"author":1,"featured_media":741,"parent":0,"menu_order":0,"comment_status":"closed","ping_status":"closed","template":"elementor_theme","meta":{"footnotes":""},"class_list":["post-330","page","type-page","status-publish","has-post-thumbnail","hentry"],"_links":{"self":[{"href":"https:\/\/wp.lesbipedesdelavaunage.fr\/index.php\/wp-json\/wp\/v2\/pages\/330","targetHints":{"allow":["GET"]}}],"collection":[{"href":"https:\/\/wp.lesbipedesdelavaunage.fr\/index.php\/wp-json\/wp\/v2\/pages"}],"about":[{"href":"https:\/\/wp.lesbipedesdelavaunage.fr\/index.php\/wp-json\/wp\/v2\/types\/page"}],"author":[{"embeddable":true,"href":"https:\/\/wp.lesbipedesdelavaunage.fr\/index.php\/wp-json\/wp\/v2\/users\/1"}],"replies":[{"embeddable":true,"href":"https:\/\/wp.lesbipedesdelavaunage.fr\/index.php\/wp-json\/wp\/v2\/comments?post=330"}],"version-history":[{"count":20,"href":"https:\/\/wp.lesbipedesdelavaunage.fr\/index.php\/wp-json\/wp\/v2\/pages\/330\/revisions"}],"predecessor-version":[{"id":766,"href":"https:\/\/wp.lesbipedesdelavaunage.fr\/index.php\/wp-json\/wp\/v2\/pages\/330\/revisions\/766"}],"wp:featuredmedia":[{"embeddable":true,"href":"https:\/\/wp.lesbipedesdelavaunage.fr\/index.php\/wp-json\/wp\/v2\/media\/741"}],"wp:attachment":[{"href":"https:\/\/wp.lesbipedesdelavaunage.fr\/index.php\/wp-json\/wp\/v2\/media?parent=330"}],"curies":[{"name":"wp","href":"https:\/\/api.w.org\/{rel}","templated":true}]}}