{"id":335,"date":"2026-01-26T10:46:41","date_gmt":"2026-01-26T08:46:41","guid":{"rendered":"https:\/\/wp.lesbipedesdelavaunage.fr\/?page_id=335"},"modified":"2026-02-20T14:00:42","modified_gmt":"2026-02-20T12:00:42","slug":"adhesion","status":"publish","type":"page","link":"https:\/\/wp.lesbipedesdelavaunage.fr\/index.php\/adhesion\/","title":{"rendered":"Adh\u00e9sion"},"content":{"rendered":"\n<h2 class=\"wp-block-heading has-text-align-center has-large-font-size\">INSCRIPTIONS SAISON 2025 2026<\/h2>\n\n\n\n<hr class=\"wp-block-separator has-alpha-channel-opacity\"\/>\n\n\n\n<p>Cette saison nous avons de nouveaux maillots. 4 partenaires participent \u00e0 l achat des maillots et apparaissent sur le<br>maillot.<\/p>\n\n\n\n<hr class=\"wp-block-separator has-alpha-channel-opacity\"\/>\n\n\n\n<p>3 types de maillots :<\/p>\n\n\n\n<div class=\"wp-block-group is-content-justification-center is-nowrap is-layout-flex wp-container-core-group-is-layout-94bc23d7 wp-block-group-is-layout-flex\">\n<figure class=\"wp-block-image size-full wp-container-content-2fcf5616\"><img fetchpriority=\"high\" decoding=\"async\" width=\"301\" height=\"506\" src=\"https:\/\/wp.lesbipedesdelavaunage.fr\/wp-content\/uploads\/2026\/02\/2830406c-fc1f-445a-bd0c-e7f697352e5d.jpg\" alt=\"\" class=\"wp-image-781\" srcset=\"https:\/\/wp.lesbipedesdelavaunage.fr\/wp-content\/uploads\/2026\/02\/2830406c-fc1f-445a-bd0c-e7f697352e5d.jpg 301w, https:\/\/wp.lesbipedesdelavaunage.fr\/wp-content\/uploads\/2026\/02\/2830406c-fc1f-445a-bd0c-e7f697352e5d-178x300.jpg 178w\" sizes=\"(max-width: 301px) 100vw, 301px\" \/><\/figure>\n\n\n\n<hr class=\"wp-block-separator has-alpha-channel-opacity\"\/>\n\n\n\n<figure class=\"wp-block-image size-full wp-container-content-e1ca4baf\"><img decoding=\"async\" width=\"426\" height=\"533\" src=\"https:\/\/wp.lesbipedesdelavaunage.fr\/wp-content\/uploads\/2026\/02\/15b83ac4-4710-403d-9119-07c14cf70272.jpg\" alt=\"\" class=\"wp-image-782\" srcset=\"https:\/\/wp.lesbipedesdelavaunage.fr\/wp-content\/uploads\/2026\/02\/15b83ac4-4710-403d-9119-07c14cf70272.jpg 426w, https:\/\/wp.lesbipedesdelavaunage.fr\/wp-content\/uploads\/2026\/02\/15b83ac4-4710-403d-9119-07c14cf70272-240x300.jpg 240w\" sizes=\"(max-width: 426px) 100vw, 426px\" \/><\/figure>\n\n\n\n<hr class=\"wp-block-separator has-alpha-channel-opacity\"\/>\n\n\n\n<figure class=\"wp-block-image size-full wp-container-content-e1ca4baf\"><img decoding=\"async\" width=\"451\" height=\"517\" src=\"https:\/\/wp.lesbipedesdelavaunage.fr\/wp-content\/uploads\/2026\/02\/98a4b7b9-37fb-477e-a96b-45617a0baa0c-1.jpg\" alt=\"\" class=\"wp-image-784\" srcset=\"https:\/\/wp.lesbipedesdelavaunage.fr\/wp-content\/uploads\/2026\/02\/98a4b7b9-37fb-477e-a96b-45617a0baa0c-1.jpg 451w, https:\/\/wp.lesbipedesdelavaunage.fr\/wp-content\/uploads\/2026\/02\/98a4b7b9-37fb-477e-a96b-45617a0baa0c-1-262x300.jpg 262w\" sizes=\"(max-width: 451px) 100vw, 451px\" \/><\/figure>\n<\/div>\n\n\n\n<div class=\"wp-block-group is-layout-grid wp-container-core-group-is-layout-6be84c55 wp-block-group-is-layout-grid\">\n<p class=\"has-text-align-right\">D\u00e9bardeur<\/p>\n\n\n\n<p class=\"has-text-align-center\">Maillot manche et ultra l\u00e9ger<\/p>\n\n\n\n<p class=\"has-text-align-left wp-container-content-2155ee95\">Trail renforc\u00e9 aux \u00e9paules<\/p>\n<\/div>\n\n\n\n<p>La cotisation est de 35\u20ac avec un maillot \u00a0\u00bb d\u00e9bardeur \u00ab\u00a0<br>Si vous voulez le maillot Type manche ultra l\u00e9ger en remplacement du d\u00e9bardeur la cotisation est de 35\u20ac + 5\u20ac soit 40\u20ac<br>Si vous voulez le maillot type trail en remplacement du d\u00e9bardeur la cotisation est de 35\u20ac + 10 \u20ac soit 45\u20ac<br>Indiquez bien votre taille.<br>La commande des maillots sera pass\u00e9e \u00e0 la rentr\u00e9e ,apr\u00e8s les inscriptions, quand nous connaitrons le nombre d\u2019adh\u00e9rents<br>Pour vous inscrire cliquez sur le lien Helloasso suivant :<br><a href=\"https:\/\/www.helloasso.com\/associations\/les-bipedes-de-la-vaunage\/adhesions\/saison-2025-2026\">Inscription<\/a><br>Dans la proc\u00e9dure de paiement helloasso vous demande une participation facultative de fonctionnement , vous n\u2019\u00eates pas oblig\u00e9 de donner. Voir option.<br>Bonne saison \u00e0 toutes et tous<br>LES BIPEDES DE LA VAUNAGE<\/p>\n\n\n\n<p><\/p>\n","protected":false},"excerpt":{"rendered":"<p>INSCRIPTIONS SAISON 2025 2026 Cette saison nous avons de nouveaux maillots. 4 partenaires participent \u00e0 l achat des maillots et apparaissent sur lemaillot. 3 types de maillots : D\u00e9bardeur Maillot [&hellip;]<\/p>\n","protected":false},"author":1,"featured_media":0,"parent":0,"menu_order":0,"comment_status":"closed","ping_status":"closed","template":"","meta":{"footnotes":""},"class_list":["post-335","page","type-page","status-publish","hentry"],"_links":{"self":[{"href":"https:\/\/wp.lesbipedesdelavaunage.fr\/index.php\/wp-json\/wp\/v2\/pages\/335","targetHints":{"allow":["GET"]}}],"collection":[{"href":"https:\/\/wp.lesbipedesdelavaunage.fr\/index.php\/wp-json\/wp\/v2\/pages"}],"about":[{"href":"https:\/\/wp.lesbipedesdelavaunage.fr\/index.php\/wp-json\/wp\/v2\/types\/page"}],"author":[{"embeddable":true,"href":"https:\/\/wp.lesbipedesdelavaunage.fr\/index.php\/wp-json\/wp\/v2\/users\/1"}],"replies":[{"embeddable":true,"href":"https:\/\/wp.lesbipedesdelavaunage.fr\/index.php\/wp-json\/wp\/v2\/comments?post=335"}],"version-history":[{"count":18,"href":"https:\/\/wp.lesbipedesdelavaunage.fr\/index.php\/wp-json\/wp\/v2\/pages\/335\/revisions"}],"predecessor-version":[{"id":806,"href":"https:\/\/wp.lesbipedesdelavaunage.fr\/index.php\/wp-json\/wp\/v2\/pages\/335\/revisions\/806"}],"wp:attachment":[{"href":"https:\/\/wp.lesbipedesdelavaunage.fr\/index.php\/wp-json\/wp\/v2\/media?parent=335"}],"curies":[{"name":"wp","href":"https:\/\/api.w.org\/{rel}","templated":true}]}}