{"id":339,"date":"2026-01-26T10:46:41","date_gmt":"2026-01-26T08:46:41","guid":{"rendered":"https:\/\/wp.lesbipedesdelavaunage.fr\/?page_id=339"},"modified":"2026-02-14T16:57:03","modified_gmt":"2026-02-14T14:57:03","slug":"rendez-vous-des-entrainements","status":"publish","type":"page","link":"https:\/\/wp.lesbipedesdelavaunage.fr\/index.php\/rendez-vous-des-entrainements\/","title":{"rendered":"Rendez-vous des entrainements"},"content":{"rendered":"\n<p class=\"has-large-font-size\">Nos lieux de d\u00e9part des courses :<\/p>\n\n\n\n<hr class=\"wp-block-separator has-alpha-channel-opacity\"\/>\n\n\n\n<p class=\"has-medium-font-size\"><a href=\"https:\/\/www.lesbipedesdelavaunage.fr\/wa_files\/boissieres.jpg\">Boissi\u00e8re<\/a><\/p>\n\n\n\n<p class=\"has-medium-font-size\"><a href=\"https:\/\/www.lesbipedesdelavaunage.fr\/wa_files\/parking_20des_20_C3_A9coles.jpg\">\u00c9cole de Langlade<\/a><\/p>\n\n\n\n<p class=\"has-medium-font-size\"><a href=\"https:\/\/www.lesbipedesdelavaunage.fr\/wa_files\/stade_20st_20dionisy.jpg\">Stade de Saint-Dionisy<\/a><\/p>\n\n\n\n<p class=\"has-medium-font-size\"><a href=\"https:\/\/www.lesbipedesdelavaunage.fr\/wa_files\/parking_20des_20chasseurs.jpg\">Parking des chasseurs<\/a><\/p>\n\n\n\n<p class=\"has-medium-font-size\"><a href=\"https:\/\/www.lesbipedesdelavaunage.fr\/wa_files\/caveirac_20massip.jpg\">Massip de Caveirac<\/a><\/p>\n\n\n\n<p class=\"has-medium-font-size\"><a href=\"https:\/\/www.lesbipedesdelavaunage.fr\/wa_files\/caveirac_20stade.jpg\">Stade de Caveirac<\/a><\/p>\n\n\n\n<p class=\"has-medium-font-size\"><a href=\"https:\/\/www.lesbipedesdelavaunage.fr\/wa_files\/stade_20langlade.jpg\">Stade de Langlade<\/a><\/p>\n\n\n\n<p class=\"has-medium-font-size\"><a href=\"https:\/\/www.lesbipedesdelavaunage.fr\/wa_files\/nage_20abribus.jpg\">L&rsquo;abribus de Nages<\/a><\/p>\n\n\n\n<p class=\"has-medium-font-size\"><a href=\"https:\/\/www.lesbipedesdelavaunage.fr\/wa_files\/DEPART_20CLARENSAC.jpg\">Haut de la c\u00f4te Clarensac<\/a><\/p>\n\n\n\n<p class=\"has-medium-font-size\"><a href=\"https:\/\/www.lesbipedesdelavaunage.fr\/wa_files\/photovolta.jpg\">Photovolta\u00efque<\/a><\/p>\n","protected":false},"excerpt":{"rendered":"<p>Nos lieux de d\u00e9part des courses : Boissi\u00e8re \u00c9cole de Langlade Stade de Saint-Dionisy Parking des chasseurs Massip de Caveirac Stade de Caveirac Stade de Langlade L&rsquo;abribus de Nages Haut [&hellip;]<\/p>\n","protected":false},"author":1,"featured_media":0,"parent":0,"menu_order":0,"comment_status":"closed","ping_status":"closed","template":"","meta":{"footnotes":""},"class_list":["post-339","page","type-page","status-publish","hentry"],"_links":{"self":[{"href":"https:\/\/wp.lesbipedesdelavaunage.fr\/index.php\/wp-json\/wp\/v2\/pages\/339","targetHints":{"allow":["GET"]}}],"collection":[{"href":"https:\/\/wp.lesbipedesdelavaunage.fr\/index.php\/wp-json\/wp\/v2\/pages"}],"about":[{"href":"https:\/\/wp.lesbipedesdelavaunage.fr\/index.php\/wp-json\/wp\/v2\/types\/page"}],"author":[{"embeddable":true,"href":"https:\/\/wp.lesbipedesdelavaunage.fr\/index.php\/wp-json\/wp\/v2\/users\/1"}],"replies":[{"embeddable":true,"href":"https:\/\/wp.lesbipedesdelavaunage.fr\/index.php\/wp-json\/wp\/v2\/comments?post=339"}],"version-history":[{"count":6,"href":"https:\/\/wp.lesbipedesdelavaunage.fr\/index.php\/wp-json\/wp\/v2\/pages\/339\/revisions"}],"predecessor-version":[{"id":666,"href":"https:\/\/wp.lesbipedesdelavaunage.fr\/index.php\/wp-json\/wp\/v2\/pages\/339\/revisions\/666"}],"wp:attachment":[{"href":"https:\/\/wp.lesbipedesdelavaunage.fr\/index.php\/wp-json\/wp\/v2\/media?parent=339"}],"curies":[{"name":"wp","href":"https:\/\/api.w.org\/{rel}","templated":true}]}}