{"id":340,"date":"2026-01-26T10:46:41","date_gmt":"2026-01-26T08:46:41","guid":{"rendered":"https:\/\/wp.lesbipedesdelavaunage.fr\/?page_id=340"},"modified":"2026-02-10T18:56:53","modified_gmt":"2026-02-10T16:56:53","slug":"team-pulse","status":"publish","type":"page","link":"https:\/\/wp.lesbipedesdelavaunage.fr\/index.php\/team-pulse\/","title":{"rendered":"Team Pulse"},"content":{"rendered":"\n<p>Chers adh\u00e9rents vous pouvez nous rejoindre sur Team Pulse pour avoir un aper\u00e7u des entrainements et courses pr\u00e9vus sur les semaines \u00e0 venir !<\/p>\n\n\n\n<p><\/p>\n\n\n\n<p>Suivez cette documentation pour savoir comment nous rejoindre.<\/p>\n\n\n\n<div data-wp-interactive=\"core\/file\" class=\"wp-block-file alignfull\"><object data-wp-bind--hidden=\"!state.hasPdfPreview\" hidden class=\"wp-block-file__embed\" data=\"https:\/\/wp.lesbipedesdelavaunage.fr\/wp-content\/uploads\/2026\/02\/Guide_TeamPulse_Bipedes.pdf\" type=\"application\/pdf\" style=\"width:100%;height:770px\" aria-label=\"Contenu embarqu\u00e9 Guide_TeamPulse_Bipedes.\"><\/object><a id=\"wp-block-file--media-855a47ca-e0e3-4eb7-9cb1-dbdeb24f0239\" href=\"https:\/\/wp.lesbipedesdelavaunage.fr\/wp-content\/uploads\/2026\/02\/Guide_TeamPulse_Bipedes.pdf\">Guide_TeamPulse_Bipedes<\/a><a href=\"https:\/\/wp.lesbipedesdelavaunage.fr\/wp-content\/uploads\/2026\/02\/Guide_TeamPulse_Bipedes.pdf\" class=\"wp-block-file__button wp-element-button\" download aria-describedby=\"wp-block-file--media-855a47ca-e0e3-4eb7-9cb1-dbdeb24f0239\">T\u00e9l\u00e9charger<\/a><\/div>\n\n\n\n<div class=\"wp-block-group alignfull has-contrast-color has-text-color is-vertical is-content-justification-center is-layout-flex wp-container-core-group-is-layout-f1198d31 wp-block-group-is-layout-flex\" style=\"min-height:40vh;margin-top:0;margin-bottom:0;padding-top:var(--wp--preset--spacing--60);padding-right:var(--wp--preset--spacing--50);padding-bottom:var(--wp--preset--spacing--60);padding-left:var(--wp--preset--spacing--50)\"><div style=\"margin-bottom:6px;\" class=\"is-default-size aligncenter wp-block-site-logo\"><a href=\"https:\/\/wp.lesbipedesdelavaunage.fr\/\" class=\"custom-logo-link\" rel=\"home\"><img fetchpriority=\"high\" decoding=\"async\" width=\"510\" height=\"241\" src=\"https:\/\/wp.lesbipedesdelavaunage.fr\/wp-content\/uploads\/2026\/01\/cropped-cropped-cropped-cropped-BIP_Christine_Capitelle_obb-2.jpg\" class=\"custom-logo\" alt=\"Association de course \u00e0 pied\" srcset=\"https:\/\/wp.lesbipedesdelavaunage.fr\/wp-content\/uploads\/2026\/01\/cropped-cropped-cropped-cropped-BIP_Christine_Capitelle_obb-2.jpg 510w, https:\/\/wp.lesbipedesdelavaunage.fr\/wp-content\/uploads\/2026\/01\/cropped-cropped-cropped-cropped-BIP_Christine_Capitelle_obb-2-300x142.jpg 300w\" sizes=\"(max-width: 510px) 100vw, 510px\" \/><\/a><\/div>\n\n\n<p class=\"has-text-align-center has-medium-font-size\">Proudly powered by <a href=\"https:\/\/wordpress.org\">WordPress<\/a><\/p>\n\n\n\n<ul class=\"wp-block-social-links has-normal-icon-size is-style-logos-only is-nowrap is-layout-flex wp-container-core-social-links-is-layout-53bee8aa wp-block-social-links-is-layout-flex\"><li class=\"wp-social-link wp-social-link-facebook  wp-block-social-link\"><a href=\"#\" class=\"wp-block-social-link-anchor\"><svg width=\"24\" height=\"24\" viewBox=\"0 0 24 24\" version=\"1.1\" xmlns=\"http:\/\/www.w3.org\/2000\/svg\" aria-hidden=\"true\" focusable=\"false\"><path d=\"M12 2C6.5 2 2 6.5 2 12c0 5 3.7 9.1 8.4 9.9v-7H7.9V12h2.5V9.8c0-2.5 1.5-3.9 3.8-3.9 1.1 0 2.2.2 2.2.2v2.5h-1.3c-1.2 0-1.6.8-1.6 1.6V12h2.8l-.4 2.9h-2.3v7C18.3 21.1 22 17 22 12c0-5.5-4.5-10-10-10z\"><\/path><\/svg><span class=\"wp-block-social-link-label screen-reader-text\">Facebook<\/span><\/a><\/li>\n\n<\/ul>\n\n\n\n<ul class=\"wp-block-social-links is-layout-flex wp-block-social-links-is-layout-flex\"><\/ul>\n<\/div>\n","protected":false},"excerpt":{"rendered":"<p>Chers adh\u00e9rents vous pouvez nous rejoindre sur Team Pulse pour avoir un aper\u00e7u des entrainements et courses pr\u00e9vus sur les semaines \u00e0 venir ! Suivez cette documentation pour savoir comment [&hellip;]<\/p>\n","protected":false},"author":1,"featured_media":0,"parent":0,"menu_order":0,"comment_status":"closed","ping_status":"closed","template":"","meta":{"footnotes":""},"class_list":["post-340","page","type-page","status-publish","hentry"],"_links":{"self":[{"href":"https:\/\/wp.lesbipedesdelavaunage.fr\/index.php\/wp-json\/wp\/v2\/pages\/340","targetHints":{"allow":["GET"]}}],"collection":[{"href":"https:\/\/wp.lesbipedesdelavaunage.fr\/index.php\/wp-json\/wp\/v2\/pages"}],"about":[{"href":"https:\/\/wp.lesbipedesdelavaunage.fr\/index.php\/wp-json\/wp\/v2\/types\/page"}],"author":[{"embeddable":true,"href":"https:\/\/wp.lesbipedesdelavaunage.fr\/index.php\/wp-json\/wp\/v2\/users\/1"}],"replies":[{"embeddable":true,"href":"https:\/\/wp.lesbipedesdelavaunage.fr\/index.php\/wp-json\/wp\/v2\/comments?post=340"}],"version-history":[{"count":5,"href":"https:\/\/wp.lesbipedesdelavaunage.fr\/index.php\/wp-json\/wp\/v2\/pages\/340\/revisions"}],"predecessor-version":[{"id":612,"href":"https:\/\/wp.lesbipedesdelavaunage.fr\/index.php\/wp-json\/wp\/v2\/pages\/340\/revisions\/612"}],"wp:attachment":[{"href":"https:\/\/wp.lesbipedesdelavaunage.fr\/index.php\/wp-json\/wp\/v2\/media?parent=340"}],"curies":[{"name":"wp","href":"https:\/\/api.w.org\/{rel}","templated":true}]}}