{"id":343,"date":"2026-01-26T10:46:41","date_gmt":"2026-01-26T08:46:41","guid":{"rendered":"https:\/\/wp.lesbipedesdelavaunage.fr\/?page_id=343"},"modified":"2026-02-10T19:16:46","modified_gmt":"2026-02-10T17:16:46","slug":"lien-pps","status":"publish","type":"page","link":"https:\/\/wp.lesbipedesdelavaunage.fr\/index.php\/lien-pps\/","title":{"rendered":"Un point sur le PPS"},"content":{"rendered":"\n<h1 class=\"wp-block-heading\">Il est obligatoire pour participer aux courses<\/h1>\n\n\n\n<h2 class=\"wp-block-heading\">L\u2019essentiel \u00e0 retenir<\/h2>\n\n\n\n<p>Pour participer aux courses \u00e0 pied, il est d\u00e9sormais <strong>obligatoire<\/strong> de disposer d\u2019un <strong>PPS \u2013 Parcours de Pr\u00e9vention Sant\u00e9<\/strong>, d\u00e9livr\u00e9 par la F\u00e9d\u00e9ration Fran\u00e7aise d\u2019Athl\u00e9tisme (FFA).<\/p>\n\n\n\n<p>\u27a1\ufe0f Le PPS est <strong>payant<\/strong> (5\u20ac) et <strong>valable 1 an<\/strong>.<\/p>\n\n\n\n<hr class=\"wp-block-separator has-alpha-channel-opacity\"\/>\n\n\n\n<h2 class=\"wp-block-heading\">Le PPS, c\u2019est quoi ?<\/h2>\n\n\n\n<p>Le <strong>Parcours de Pr\u00e9vention Sant\u00e9 (PPS)<\/strong> remplace le certificat m\u00e9dical pour la majorit\u00e9 des courses.<\/p>\n\n\n\n<p>Il s\u2019agit d\u2019un <strong>parcours en ligne<\/strong> propos\u00e9 par la FFA, comprenant des contenus de pr\u00e9vention et un questionnaire de sant\u00e9. Une fois le parcours valid\u00e9, une <strong>attestation PPS<\/strong> est d\u00e9livr\u00e9e.<\/p>\n\n\n\n<hr class=\"wp-block-separator has-alpha-channel-opacity\"\/>\n\n\n\n<h2 class=\"wp-block-heading\">Qui doit fournir un PPS ?<\/h2>\n\n\n\n<p>Le PPS est requis pour :<\/p>\n\n\n\n<ol class=\"wp-block-list\">\n<li>Les coureurs <strong>non licenci\u00e9s FFA<\/strong><\/li>\n\n\n\n<li>Les licenci\u00e9s dont la licence <strong>ne couvre pas la comp\u00e9tition<\/strong><\/li>\n<\/ol>\n\n\n\n<p>\ud83d\udc49 Les licenci\u00e9s FFA avec une licence comp\u00e9tition valide restent soumis aux r\u00e8gles de leur licence.<\/p>\n\n\n\n<hr class=\"wp-block-separator has-alpha-channel-opacity\"\/>\n\n\n\n<h2 class=\"wp-block-heading\">Dur\u00e9e de validit\u00e9<\/h2>\n\n\n\n<ol class=\"wp-block-list\">\n<li>\u2705 <strong>Validit\u00e9 : 1 an<\/strong> \u00e0 compter de la date de validation<\/li>\n\n\n\n<li>\ud83d\udcc5 Le PPS doit \u00eatre <strong>valide le jour de la course<\/strong><\/li>\n\n\n\n<li>\ud83d\udd04 \u00c0 renouveler chaque ann\u00e9e pour continuer \u00e0 participer aux \u00e9preuves<\/li>\n<\/ol>\n\n\n\n<hr class=\"wp-block-separator has-alpha-channel-opacity\"\/>\n\n\n\n<h2 class=\"wp-block-heading\">Comment obtenir son PPS ?<\/h2>\n\n\n\n<div class=\"wp-block-group is-nowrap is-layout-flex wp-container-core-group-is-layout-ad2f72ca wp-block-group-is-layout-flex\">\n<p>La d\u00e9marche est simple et rapide :<\/p>\n<\/div>\n\n\n\n<div class=\"wp-block-group is-nowrap is-layout-flex wp-container-core-group-is-layout-ad2f72ca wp-block-group-is-layout-flex\">\n<ol start=\"1\" class=\"wp-block-list\">\n<li>Se connecter au site officiel de la FFA : \ud83d\udc49 <a>https:\/\/pps.athle.fr<\/a> ou via ce QR Code  \ud83d\udc49           <\/li>\n\n\n\n<li>Cr\u00e9er un compte ou se connecter<\/li>\n\n\n\n<li>Suivre le Parcours de Pr\u00e9vention Sant\u00e9<\/li>\n\n\n\n<li>T\u00e9l\u00e9charger l\u2019attestation PPS<\/li>\n<\/ol>\n\n\n\n<figure class=\"wp-block-image size-large is-resized\"><img decoding=\"async\" width=\"124\" height=\"124\" src=\"https:\/\/wp.lesbipedesdelavaunage.fr\/wp-content\/uploads\/2026\/02\/QR-Code-PPS.jpg\" alt=\"\" class=\"wp-image-614\" style=\"width:97px;height:auto\" srcset=\"https:\/\/wp.lesbipedesdelavaunage.fr\/wp-content\/uploads\/2026\/02\/QR-Code-PPS.jpg 124w, https:\/\/wp.lesbipedesdelavaunage.fr\/wp-content\/uploads\/2026\/02\/QR-Code-PPS-100x100.jpg 100w\" sizes=\"(max-width: 124px) 100vw, 124px\" \/><\/figure>\n<\/div>\n\n\n\n<p>\u23f1\ufe0f Dur\u00e9e : quelques minutes seulement \ud83d\udcb3 Le parcours est <strong>payant<\/strong> (tarif fix\u00e9 par la FFA)<\/p>\n\n\n\n<hr class=\"wp-block-separator has-alpha-channel-opacity\"\/>\n\n\n\n<h2 class=\"wp-block-heading\">Le jour de l\u2019inscription \u00e0 une course<\/h2>\n\n\n\n<p>Pensez \u00e0 :<\/p>\n\n\n\n<ol class=\"wp-block-list\">\n<li>\ud83d\udcc4 Fournir votre <strong>attestation PPS<\/strong> lors de l\u2019inscription (ou sur place si c&rsquo;est autoris\u00e9 par l&rsquo;organisateur)<\/li>\n\n\n\n<li>\ud83d\udd0d V\u00e9rifier sa <strong>date de validit\u00e9<\/strong><\/li>\n<\/ol>\n\n\n\n<p>\u26a0\ufe0f Sans PPS valide, l\u2019inscription peut \u00eatre refus\u00e9e par l\u2019organisateur.<\/p>\n\n\n\n<hr class=\"wp-block-separator has-alpha-channel-opacity\"\/>\n\n\n\n<h2 class=\"wp-block-heading\">En r\u00e9sum\u00e9<\/h2>\n\n\n\n<p>\u2714\ufe0f Le PPS remplace le certificat m\u00e9dical <\/p>\n\n\n\n<p>\u2714\ufe0f Il est <strong>obligatoire<\/strong> pour la majorit\u00e9 des courses <\/p>\n\n\n\n<p>\u2714\ufe0f Il est <strong>valable 1 an<\/strong> et <strong>co\u00fbte<\/strong> 5\u20ac <\/p>\n\n\n\n<p>\u2714\ufe0fIl s\u2019obtient uniquement sur le site de la FFA<\/p>\n\n\n\n<hr class=\"wp-block-separator has-alpha-channel-opacity\"\/>\n\n\n\n<p>Pour toute question, n\u2019h\u00e9sitez pas \u00e0 contacter l\u2019association ou \u00e0 vous rendre sur le site de la FFA<\/p>\n\n\n\n<p>Bonne course \u00e0 toutes et \u00e0 tous \ud83c\udfc3\u200d\u2640\ufe0f\ud83c\udfc3\u200d\u2642\ufe0f<\/p>\n\n\n\n<figure class=\"wp-block-gallery has-nested-images columns-default is-cropped wp-block-gallery-1 is-layout-flex wp-block-gallery-is-layout-flex\"><\/figure>\n","protected":false},"excerpt":{"rendered":"<p>Il est obligatoire pour participer aux courses L\u2019essentiel \u00e0 retenir Pour participer aux courses \u00e0 pied, il est d\u00e9sormais obligatoire de disposer d\u2019un PPS \u2013 Parcours de Pr\u00e9vention Sant\u00e9, d\u00e9livr\u00e9 [&hellip;]<\/p>\n","protected":false},"author":1,"featured_media":0,"parent":0,"menu_order":0,"comment_status":"closed","ping_status":"closed","template":"","meta":{"footnotes":""},"class_list":["post-343","page","type-page","status-publish","hentry"],"_links":{"self":[{"href":"https:\/\/wp.lesbipedesdelavaunage.fr\/index.php\/wp-json\/wp\/v2\/pages\/343","targetHints":{"allow":["GET"]}}],"collection":[{"href":"https:\/\/wp.lesbipedesdelavaunage.fr\/index.php\/wp-json\/wp\/v2\/pages"}],"about":[{"href":"https:\/\/wp.lesbipedesdelavaunage.fr\/index.php\/wp-json\/wp\/v2\/types\/page"}],"author":[{"embeddable":true,"href":"https:\/\/wp.lesbipedesdelavaunage.fr\/index.php\/wp-json\/wp\/v2\/users\/1"}],"replies":[{"embeddable":true,"href":"https:\/\/wp.lesbipedesdelavaunage.fr\/index.php\/wp-json\/wp\/v2\/comments?post=343"}],"version-history":[{"count":2,"href":"https:\/\/wp.lesbipedesdelavaunage.fr\/index.php\/wp-json\/wp\/v2\/pages\/343\/revisions"}],"predecessor-version":[{"id":615,"href":"https:\/\/wp.lesbipedesdelavaunage.fr\/index.php\/wp-json\/wp\/v2\/pages\/343\/revisions\/615"}],"wp:attachment":[{"href":"https:\/\/wp.lesbipedesdelavaunage.fr\/index.php\/wp-json\/wp\/v2\/media?parent=343"}],"curies":[{"name":"wp","href":"https:\/\/api.w.org\/{rel}","templated":true}]}}