{"id":344,"date":"2026-01-26T10:46:41","date_gmt":"2026-01-26T08:46:41","guid":{"rendered":"https:\/\/wp.lesbipedesdelavaunage.fr\/?page_id=344"},"modified":"2026-02-20T15:04:02","modified_gmt":"2026-02-20T13:04:02","slug":"nos-partenaires","status":"publish","type":"page","link":"https:\/\/wp.lesbipedesdelavaunage.fr\/index.php\/nos-partenaires\/","title":{"rendered":"Nos partenaires"},"content":{"rendered":"\n<div class=\"wp-block-media-text is-stacked-on-mobile\" style=\"grid-template-columns:29% auto\"><figure class=\"wp-block-media-text__media\"><img fetchpriority=\"high\" decoding=\"async\" width=\"1024\" height=\"232\" src=\"https:\/\/wp.lesbipedesdelavaunage.fr\/wp-content\/uploads\/2026\/02\/Logo-cryopole-gris-1-1024x232.png\" alt=\"\" class=\"wp-image-715 size-full\" srcset=\"https:\/\/wp.lesbipedesdelavaunage.fr\/wp-content\/uploads\/2026\/02\/Logo-cryopole-gris-1-1024x232.png 1024w, https:\/\/wp.lesbipedesdelavaunage.fr\/wp-content\/uploads\/2026\/02\/Logo-cryopole-gris-1-300x68.png 300w, https:\/\/wp.lesbipedesdelavaunage.fr\/wp-content\/uploads\/2026\/02\/Logo-cryopole-gris-1-768x174.png 768w, https:\/\/wp.lesbipedesdelavaunage.fr\/wp-content\/uploads\/2026\/02\/Logo-cryopole-gris-1-1536x348.png 1536w, https:\/\/wp.lesbipedesdelavaunage.fr\/wp-content\/uploads\/2026\/02\/Logo-cryopole-gris-1-2048x464.png 2048w\" sizes=\"(max-width: 1024px) 100vw, 1024px\" \/><\/figure><div class=\"wp-block-media-text__content\">\n<p>Cryop\u00f4le N\u00eemes &#8211; Performance, r\u00e9cup\u00e9ration, bien-\u00eatre.<\/p>\n\n\n\n<p>Le Cryop\u00f4le N\u00eemes est un centre de cryoth\u00e9rapie corps entier d\u00e9di\u00e9 \u00e0 l&rsquo;optimisation de la performance et \u00e0 la r\u00e9cup\u00e9ration sportive. Gr\u00e2ce \u00e0 des techniques de froid intense contr\u00f4l\u00e9, nous aidons les athl\u00e8tes \u00e0 r\u00e9duire les douleurs musculaires, acc\u00e9l\u00e9rer la r\u00e9cup\u00e9ration, am\u00e9liorer la pr\u00e9paration physique et favoriser l&rsquo;\u00e9quilibre global du corps.<\/p>\n\n\n\n<p>Partenaire des coureurs et des trailers, le Cryop\u00f4le N\u00eemes s&rsquo;engage \u00e0 vous accompagner vers vos objectifs, du quotidien d&rsquo;entra\u00eenement jusqu&rsquo;aux d\u00e9fis les plus exigeants.<\/p>\n<\/div><\/div>\n\n\n\n<hr class=\"wp-block-separator has-alpha-channel-opacity\"\/>\n\n\n\n<div class=\"wp-block-media-text is-stacked-on-mobile\" style=\"grid-template-columns:29% auto\"><figure class=\"wp-block-media-text__media\"><img decoding=\"async\" width=\"1024\" height=\"1024\" src=\"https:\/\/wp.lesbipedesdelavaunage.fr\/wp-content\/uploads\/2026\/02\/FMH_New-1024x1024.jpg\" alt=\"\" class=\"wp-image-735 size-full\" srcset=\"https:\/\/wp.lesbipedesdelavaunage.fr\/wp-content\/uploads\/2026\/02\/FMH_New-1024x1024.jpg 1024w, https:\/\/wp.lesbipedesdelavaunage.fr\/wp-content\/uploads\/2026\/02\/FMH_New-300x300.jpg 300w, https:\/\/wp.lesbipedesdelavaunage.fr\/wp-content\/uploads\/2026\/02\/FMH_New-150x150.jpg 150w, https:\/\/wp.lesbipedesdelavaunage.fr\/wp-content\/uploads\/2026\/02\/FMH_New-768x768.jpg 768w, https:\/\/wp.lesbipedesdelavaunage.fr\/wp-content\/uploads\/2026\/02\/FMH_New-1536x1536.jpg 1536w, https:\/\/wp.lesbipedesdelavaunage.fr\/wp-content\/uploads\/2026\/02\/FMH_New-100x100.jpg 100w, https:\/\/wp.lesbipedesdelavaunage.fr\/wp-content\/uploads\/2026\/02\/FMH_New.jpg 1600w\" sizes=\"(max-width: 1024px) 100vw, 1024px\" \/><\/figure><div class=\"wp-block-media-text__content\">\n<p><\/p>\n<\/div><\/div>\n\n\n\n<hr class=\"wp-block-separator has-alpha-channel-opacity\"\/>\n\n\n\n<div class=\"wp-block-media-text is-stacked-on-mobile\" style=\"grid-template-columns:29% auto\"><figure class=\"wp-block-media-text__media\"><img decoding=\"async\" width=\"697\" height=\"300\" src=\"https:\/\/wp.lesbipedesdelavaunage.fr\/wp-content\/uploads\/2026\/02\/LOGO-SUD-ECRANS-BLANC-Modifie.png\" alt=\"\" class=\"wp-image-716 size-full\" srcset=\"https:\/\/wp.lesbipedesdelavaunage.fr\/wp-content\/uploads\/2026\/02\/LOGO-SUD-ECRANS-BLANC-Modifie.png 697w, https:\/\/wp.lesbipedesdelavaunage.fr\/wp-content\/uploads\/2026\/02\/LOGO-SUD-ECRANS-BLANC-Modifie-300x129.png 300w\" sizes=\"(max-width: 697px) 100vw, 697px\" \/><\/figure><div class=\"wp-block-media-text__content\">\n<p>Sud-Ecrans est sp\u00e9cialis\u00e9e dans la location de mat\u00e9riel vid\u00e9o professionnel, notamment d&rsquo;\u00e9cran LED adapt\u00e9s \u00e0 tous types d&rsquo;\u00e9v\u00e8nement (manifestations publiques, \u00e9v\u00e8nements d&rsquo;entreprises, concerts, salons, mariages).<\/p>\n\n\n\n<p>Au-del\u00e0 de la diffusion d&rsquo;images, l&rsquo;entreprise propose une prestation technique compl\u00e8te incluant la gestion du son, des \u00e9clairages et de la mise en sc\u00e8ne. Gr\u00e2ce \u00e0 une expertise technique, Sud-Ecrans accompagne ses clients de la conception ) l&rsquo;installation, en garantissant une solution cl\u00e9 en main.<\/p>\n\n\n\n<p>Sud-Ecrans met son savoir-faire au service de vos \u00e9v\u00e8nements pour offrir une exp\u00e9rience visuelle et sonore professionnelle, adapt\u00e9e \u00e0 vos besoins.<\/p>\n<\/div><\/div>\n\n\n\n<p><\/p>\n","protected":false},"excerpt":{"rendered":"<p>Cryop\u00f4le N\u00eemes &#8211; Performance, r\u00e9cup\u00e9ration, bien-\u00eatre. Le Cryop\u00f4le N\u00eemes est un centre de cryoth\u00e9rapie corps entier d\u00e9di\u00e9 \u00e0 l&rsquo;optimisation de la performance et \u00e0 la r\u00e9cup\u00e9ration sportive. Gr\u00e2ce \u00e0 des [&hellip;]<\/p>\n","protected":false},"author":1,"featured_media":0,"parent":0,"menu_order":0,"comment_status":"closed","ping_status":"closed","template":"","meta":{"footnotes":""},"class_list":["post-344","page","type-page","status-publish","hentry"],"_links":{"self":[{"href":"https:\/\/wp.lesbipedesdelavaunage.fr\/index.php\/wp-json\/wp\/v2\/pages\/344","targetHints":{"allow":["GET"]}}],"collection":[{"href":"https:\/\/wp.lesbipedesdelavaunage.fr\/index.php\/wp-json\/wp\/v2\/pages"}],"about":[{"href":"https:\/\/wp.lesbipedesdelavaunage.fr\/index.php\/wp-json\/wp\/v2\/types\/page"}],"author":[{"embeddable":true,"href":"https:\/\/wp.lesbipedesdelavaunage.fr\/index.php\/wp-json\/wp\/v2\/users\/1"}],"replies":[{"embeddable":true,"href":"https:\/\/wp.lesbipedesdelavaunage.fr\/index.php\/wp-json\/wp\/v2\/comments?post=344"}],"version-history":[{"count":11,"href":"https:\/\/wp.lesbipedesdelavaunage.fr\/index.php\/wp-json\/wp\/v2\/pages\/344\/revisions"}],"predecessor-version":[{"id":808,"href":"https:\/\/wp.lesbipedesdelavaunage.fr\/index.php\/wp-json\/wp\/v2\/pages\/344\/revisions\/808"}],"wp:attachment":[{"href":"https:\/\/wp.lesbipedesdelavaunage.fr\/index.php\/wp-json\/wp\/v2\/media?parent=344"}],"curies":[{"name":"wp","href":"https:\/\/api.w.org\/{rel}","templated":true}]}}